{"id":3,"date":"2024-02-25T02:00:16","date_gmt":"2024-02-25T02:00:16","guid":{"rendered":"https:\/\/baudot1926.com\/?page_id=3"},"modified":"2024-04-04T12:14:27","modified_gmt":"2024-04-04T11:14:27","slug":"privacy-policy","status":"publish","type":"page","link":"https:\/\/baudot1926.com\/en\/privacy-policy\/","title":{"rendered":"Privacy Policy"},"content":{"rendered":"\n<h2 class=\"wp-block-heading\">I. Informaci\u00f3n sobre el tratamiento de sus datos de conformidad con el art\u00edculo 13 del Reglamento General de Protecci\u00f3n de Datos (RGPD)<\/h2>\n\n\n\n<h3 class=\"wp-block-heading\"><strong>1.&nbsp;Persona responsable y responsable de la protecci\u00f3n de datos<\/strong><\/h3>\n\n\n\n<p>El responsable de este sitio web es:<\/p>\n\n\n\n<p>Vossolus SL<br>Ida y Camelo<br>Pla\u00e7a de l\u2019Aigua, 10<br>07570 Art\u00e0<br>Illes Baleares<\/p>\n\n\n\n<p>Telefono: 0034-<br>E-Mail:&nbsp;info(at)baudot1926<\/p>\n\n\n\n<h3 class=\"wp-block-heading\"><strong>2. Datos tratados para la prestaci\u00f3n del sitio web y la creaci\u00f3n de archivos de registro<\/strong><\/h3>\n\n\n\n<h4 class=\"wp-block-heading\"><strong>a. \u00bfQu\u00e9 datos se tratan y con qu\u00e9 finalidad?<\/strong><\/h4>\n\n\n\n<p>Cada vez que accede a un contenido del sitio web, se almacenan temporalmente datos que pueden permitir identificarle. Se recogen los siguientes datos:<\/p>\n\n\n\n<ul class=\"wp-block-list\">\n<li>Fecha y hora de acceso<\/li>\n\n\n\n<li>Direcci\u00f3n IP (an\u00f3nima)<\/li>\n\n\n\n<li>Nombre de host del ordenador que accede<\/li>\n\n\n\n<li>Sitio web desde el que se accedi\u00f3 al sitio web<\/li>\n\n\n\n<li>Sitios web a los que se ha accedido a trav\u00e9s del sitio web<\/li>\n\n\n\n<li>P\u00e1gina visitada de nuestro sitio web<\/li>\n\n\n\n<li>Mensaje que indica si la recuperaci\u00f3n se ha realizado correctamente<\/li>\n\n\n\n<li>Cantidad de datos transferidos<\/li>\n\n\n\n<li>Informaci\u00f3n sobre el tipo y la versi\u00f3n del navegador utilizado<\/li>\n\n\n\n<li>Sistema operativo<\/li>\n<\/ul>\n\n\n\n<p>El almacenamiento temporal de los datos es necesario en el transcurso de una visita al sitio web para poder ofrecer el sitio web. Tambi\u00e9n se almacenan en archivos de registro para garantizar la funcionalidad del sitio web y la seguridad de los sistemas inform\u00e1ticos. Nuestro inter\u00e9s leg\u00edtimo en el tratamiento de datos tambi\u00e9n radica en estos fines.<\/p>\n\n\n\n<h4 class=\"wp-block-heading\"><strong>b. \u00bfCu\u00e1l es la base jur\u00eddica para el tratamiento de estos datos?<\/strong><\/h4>\n\n\n\n<p>El tratamiento de los datos se basa en el art\u00edculo 6, apartado 1, letra f) del RGPD.<\/p>\n\n\n\n<h4 class=\"wp-block-heading\"><strong>c. (En caso necesario) \u00bfExisten otros destinatarios de los datos personales adem\u00e1s del responsable del tratamiento?<\/strong><\/h4>\n\n\n\n<p>El sitio web est\u00e1 alojado en (nombre, direcci\u00f3n postal y direcci\u00f3n de correo electr\u00f3nico del hospedador). El host recibe los datos mencionados en calidad de encargado del tratamiento.<\/p>\n\n\n\n<h4 class=\"wp-block-heading\"><strong>d. \u00bfCu\u00e1nto tiempo se almacenar\u00e1n los datos?<\/strong><\/h4>\n\n\n\n<p>Los datos se suprimen en cuanto dejan de ser necesarios para cumplir la finalidad para la que se recogieron. En el caso de la puesta a disposici\u00f3n del sitio web, esto ocurre cuando ha finalizado la sesi\u00f3n correspondiente. Los archivos de registro se almacenan [\u2026, m\u00e1ximo hasta 24 horas] directamente y s\u00f3lo son accesibles para los administradores. Despu\u00e9s, s\u00f3lo est\u00e1n disponibles indirectamente a trav\u00e9s de la reconstrucci\u00f3n de cintas de copia de seguridad y se eliminan permanentemente despu\u00e9s de (\u2026, m\u00e1ximo cuatro semanas).<\/p>\n\n\n\n<h3 class=\"wp-block-heading\"><strong>3. Derechos de los interesados<\/strong><\/h3>\n\n\n\n<h4 class=\"wp-block-heading\"><strong>a. Derecho a la informaci\u00f3n<\/strong><\/h4>\n\n\n\n<p>De conformidad con el art\u00edculo 15 del RGPD, puede solicitar informaci\u00f3n sobre los datos personales que tratamos.<\/p>\n\n\n\n<h4 class=\"wp-block-heading\"><strong>b. Derecho de oposici\u00f3n:<\/strong><\/h4>\n\n\n\n<p>Tiene derecho a oponerse por motivos espec\u00edficos (v\u00e9ase el punto II).<\/p>\n\n\n\n<h4 class=\"wp-block-heading\"><strong>c. Derecho de rectificaci\u00f3n<\/strong><\/h4>\n\n\n\n<p>Si los datos que le conciernen no son (o han dejado de ser) correctos, puede solicitar una rectificaci\u00f3n de conformidad con el art\u00edculo 16 del RGPD. Si sus datos est\u00e1n incompletos, puede solicitar que se completen.<\/p>\n\n\n\n<h4 class=\"wp-block-heading\"><strong>d. Derecho de anulaci\u00f3n<\/strong><\/h4>\n\n\n\n<p>Puede solicitar la supresi\u00f3n de sus datos personales de conformidad con el art\u00edculo 17 del RGPD.<\/p>\n\n\n\n<h4 class=\"wp-block-heading\"><strong>e. Derecho a la limitaci\u00f3n del tratamiento<\/strong><\/h4>\n\n\n\n<p>De conformidad con el art\u00edculo 18 del RGPD, tiene derecho a solicitar que se restrinja el tratamiento de sus datos personales.<\/p>\n\n\n\n<h4 class=\"wp-block-heading\"><strong>f. Derecho a presentar una reclamaci\u00f3n<\/strong><\/h4>\n\n\n\n<p>Si considera que el tratamiento de sus datos personales infringe la ley de protecci\u00f3n de datos, tiene derecho a presentar una reclamaci\u00f3n ante la autoridad supervisora de protecci\u00f3n de datos de su elecci\u00f3n, de conformidad con el art\u00edculo 77, apartado 1, del RGPD. Esto incluye tambi\u00e9n a la autoridad supervisora de protecci\u00f3n de datos responsable del responsable del tratamiento:<br><a href=\"https:\/\/commission.europa.eu\/index_es\">https:\/\/commission.europa.eu\/index_es<\/a><\/p>\n\n\n\n<h4 class=\"wp-block-heading\"><strong>g. Derecho a la portabilidad de los datos<\/strong><\/h4>\n\n\n\n<p>En caso de que se cumplan los requisitos del art. 20, apdo. 1 del RGPD, usted tiene derecho a que los datos que procesamos autom\u00e1ticamente sobre la base de su consentimiento o en cumplimiento de un contrato le sean entregados a usted o a terceros. La recogida de datos para la puesta a disposici\u00f3n del sitio web y el almacenamiento de archivos de registro son absolutamente necesarios para el funcionamiento del sitio web. Por lo tanto, no se basan en el consentimiento de conformidad con el Art. 6(1)(a) GDPR o en un contrato de conformidad con el Art. 6(1)(b) GDPR, sino que est\u00e1n justificados de conformidad con el Art. 6(1)(f) GDPR. Por lo tanto, no se cumplen los requisitos del art\u00edculo 20, apartado 1, del RGPD a este respecto.<\/p>\n\n\n\n<h2 class=\"wp-block-heading\"><strong>II Derecho de oposici\u00f3n con arreglo al art\u00edculo 21, apartado 1, del RGPD<\/strong><\/h2>\n\n\n\n<p>Usted tiene derecho a oponerse en cualquier momento, por motivos relacionados con su situaci\u00f3n particular, al tratamiento de sus datos personales basado en el art\u00edculo 6, apartado 1, letra f), del RGPD. En tal caso, el responsable del tratamiento dejar\u00e1 de tratar los datos personales, a menos que demuestre motivos leg\u00edtimos imperiosos para el tratamiento que prevalezcan sobre los intereses, los derechos y las libertades del interesado o para el reconocimiento, el ejercicio o la defensa de un derecho en un procedimiento judicial. La recogida de datos para la prestaci\u00f3n del sitio web y el almacenamiento de archivos de registro son absolutamente necesarios para el funcionamiento del sitio web.<\/p>\n","protected":false},"excerpt":{"rendered":"<p>I. Informaci\u00f3n sobre el tratamiento de sus datos de conformidad con el art\u00edculo 13 del Reglamento General de Protecci\u00f3n de Datos (RGPD) 1.&nbsp;Persona responsable y responsable de la protecci\u00f3n de datos El responsable de este sitio web es: Vossolus SLIda y CameloPla\u00e7a de l\u2019Aigua, 1007570 Art\u00e0Illes Baleares Telefono: 0034-E-Mail:&nbsp;info(at)baudot1926 2. Datos tratados para la prestaci\u00f3n&hellip; <a class=\"more-link\" href=\"https:\/\/baudot1926.com\/en\/privacy-policy\/\">Continue reading <span class=\"screen-reader-text\">Privacy Policy<\/span><\/a><\/p>\n","protected":false},"author":1,"featured_media":0,"parent":0,"menu_order":0,"comment_status":"closed","ping_status":"open","template":"","meta":{"inline_featured_image":false,"footnotes":""},"class_list":["post-3","page","type-page","status-publish","hentry","entry"],"_links":{"self":[{"href":"https:\/\/baudot1926.com\/en\/wp-json\/wp\/v2\/pages\/3","targetHints":{"allow":["GET"]}}],"collection":[{"href":"https:\/\/baudot1926.com\/en\/wp-json\/wp\/v2\/pages"}],"about":[{"href":"https:\/\/baudot1926.com\/en\/wp-json\/wp\/v2\/types\/page"}],"author":[{"embeddable":true,"href":"https:\/\/baudot1926.com\/en\/wp-json\/wp\/v2\/users\/1"}],"replies":[{"embeddable":true,"href":"https:\/\/baudot1926.com\/en\/wp-json\/wp\/v2\/comments?post=3"}],"version-history":[{"count":2,"href":"https:\/\/baudot1926.com\/en\/wp-json\/wp\/v2\/pages\/3\/revisions"}],"predecessor-version":[{"id":281,"href":"https:\/\/baudot1926.com\/en\/wp-json\/wp\/v2\/pages\/3\/revisions\/281"}],"wp:attachment":[{"href":"https:\/\/baudot1926.com\/en\/wp-json\/wp\/v2\/media?parent=3"}],"curies":[{"name":"wp","href":"https:\/\/api.w.org\/{rel}","templated":true}]}}