{"id":68,"date":"2024-03-04T12:07:42","date_gmt":"2024-03-04T12:07:42","guid":{"rendered":"https:\/\/baudot1926.com\/en\/?page_id=68"},"modified":"2024-04-08T11:10:42","modified_gmt":"2024-04-08T10:10:42","slug":"hotel-casal-d-arta","status":"publish","type":"page","link":"https:\/\/baudot1926.com\/de\/hotel-casal-d-arta\/","title":{"rendered":"Casal d\u00b4 Art\u00e0"},"content":{"rendered":"\n<div class=\"wp-block-columns is-layout-flex wp-container-core-columns-is-layout-9d6595d7 wp-block-columns-is-layout-flex\">\n<div class=\"wp-block-column is-layout-flow wp-block-column-is-layout-flow\">\n<figure class=\"wp-block-image size-full is-style-default\"><img loading=\"lazy\" decoding=\"async\" width=\"1600\" height=\"900\" src=\"https:\/\/baudot1926.com\/wp-content\/uploads\/2024\/03\/Casal_Arta_Dormitorio_01.jpg\" alt=\"\" class=\"wp-image-123\" style=\"aspect-ratio:3\/2;object-fit:cover\" srcset=\"https:\/\/baudot1926.com\/wp-content\/uploads\/2024\/03\/Casal_Arta_Dormitorio_01.jpg 1600w, https:\/\/baudot1926.com\/wp-content\/uploads\/2024\/03\/Casal_Arta_Dormitorio_01-300x169.jpg 300w, https:\/\/baudot1926.com\/wp-content\/uploads\/2024\/03\/Casal_Arta_Dormitorio_01-1024x576.jpg 1024w, https:\/\/baudot1926.com\/wp-content\/uploads\/2024\/03\/Casal_Arta_Dormitorio_01-768x432.jpg 768w, https:\/\/baudot1926.com\/wp-content\/uploads\/2024\/03\/Casal_Arta_Dormitorio_01-1536x864.jpg 1536w, https:\/\/baudot1926.com\/wp-content\/uploads\/2024\/03\/Casal_Arta_Dormitorio_01-1568x882.jpg 1568w\" sizes=\"auto, (max-width: 1600px) 100vw, 1600px\" \/><\/figure>\n<\/div>\n\n\n\n<div class=\"wp-block-column is-layout-flow wp-block-column-is-layout-flow\">\n<h2 class=\"wp-block-heading\">Willkommen! <\/h2>\n\n\n\n<p>Im Casal D&#8217;Art\u00e0 sind wir stolz darauf, unseren G\u00e4sten w\u00e4hrend ihres Aufenthalts auf Mallorca eine einladende und authentische Atmosph\u00e4re zu bieten.<\/p>\n<\/div>\n<\/div>\n\n\n\n<div style=\"height:30px\" aria-hidden=\"true\" class=\"wp-block-spacer\"><\/div>\n\n\n\n<h2 class=\"wp-block-heading\">Ambiente<\/h2>\n\n\n\n<figure class=\"wp-block-gallery has-nested-images columns-default is-cropped w-showTitle:no; wp-block-gallery-1 is-layout-flex wp-block-gallery-is-layout-flex\">\n<figure class=\"wp-block-image size-large\"><a href=\"https:\/\/baudot1926.com\/wp-content\/uploads\/2024\/03\/Casal-Arta_Detalles_01.jpg\"><img loading=\"lazy\" decoding=\"async\" width=\"1024\" height=\"576\" data-id=\"109\" src=\"https:\/\/baudot1926.com\/wp-content\/uploads\/2024\/03\/Casal-Arta_Detalles_01-1024x576.jpg\" alt=\"\" class=\"wp-image-109\" srcset=\"https:\/\/baudot1926.com\/wp-content\/uploads\/2024\/03\/Casal-Arta_Detalles_01-1024x576.jpg 1024w, https:\/\/baudot1926.com\/wp-content\/uploads\/2024\/03\/Casal-Arta_Detalles_01-300x169.jpg 300w, https:\/\/baudot1926.com\/wp-content\/uploads\/2024\/03\/Casal-Arta_Detalles_01-768x432.jpg 768w, https:\/\/baudot1926.com\/wp-content\/uploads\/2024\/03\/Casal-Arta_Detalles_01-1536x864.jpg 1536w, https:\/\/baudot1926.com\/wp-content\/uploads\/2024\/03\/Casal-Arta_Detalles_01-1568x882.jpg 1568w, https:\/\/baudot1926.com\/wp-content\/uploads\/2024\/03\/Casal-Arta_Detalles_01.jpg 1600w\" sizes=\"auto, (max-width: 1024px) 100vw, 1024px\" \/><\/a><\/figure>\n\n\n\n<figure class=\"wp-block-image size-large\"><a href=\"https:\/\/baudot1926.com\/wp-content\/uploads\/2024\/03\/Casal-Arta_Ambiente_06.jpg\"><img loading=\"lazy\" decoding=\"async\" width=\"1024\" height=\"576\" data-id=\"108\" src=\"https:\/\/baudot1926.com\/wp-content\/uploads\/2024\/03\/Casal-Arta_Ambiente_06-1024x576.jpg\" alt=\"\" class=\"wp-image-108\" srcset=\"https:\/\/baudot1926.com\/wp-content\/uploads\/2024\/03\/Casal-Arta_Ambiente_06-1024x576.jpg 1024w, https:\/\/baudot1926.com\/wp-content\/uploads\/2024\/03\/Casal-Arta_Ambiente_06-300x169.jpg 300w, https:\/\/baudot1926.com\/wp-content\/uploads\/2024\/03\/Casal-Arta_Ambiente_06-768x432.jpg 768w, https:\/\/baudot1926.com\/wp-content\/uploads\/2024\/03\/Casal-Arta_Ambiente_06-1536x864.jpg 1536w, https:\/\/baudot1926.com\/wp-content\/uploads\/2024\/03\/Casal-Arta_Ambiente_06-1568x882.jpg 1568w, https:\/\/baudot1926.com\/wp-content\/uploads\/2024\/03\/Casal-Arta_Ambiente_06.jpg 1600w\" sizes=\"auto, (max-width: 1024px) 100vw, 1024px\" \/><\/a><\/figure>\n\n\n\n<figure class=\"wp-block-image size-large\"><a href=\"https:\/\/baudot1926.com\/wp-content\/uploads\/2024\/03\/Casal-Arta_Ambiente_05.jpg\"><img loading=\"lazy\" decoding=\"async\" width=\"1024\" height=\"576\" data-id=\"107\" src=\"https:\/\/baudot1926.com\/wp-content\/uploads\/2024\/03\/Casal-Arta_Ambiente_05-1024x576.jpg\" alt=\"\" class=\"wp-image-107\" srcset=\"https:\/\/baudot1926.com\/wp-content\/uploads\/2024\/03\/Casal-Arta_Ambiente_05-1024x576.jpg 1024w, https:\/\/baudot1926.com\/wp-content\/uploads\/2024\/03\/Casal-Arta_Ambiente_05-300x169.jpg 300w, https:\/\/baudot1926.com\/wp-content\/uploads\/2024\/03\/Casal-Arta_Ambiente_05-768x432.jpg 768w, https:\/\/baudot1926.com\/wp-content\/uploads\/2024\/03\/Casal-Arta_Ambiente_05-1536x864.jpg 1536w, https:\/\/baudot1926.com\/wp-content\/uploads\/2024\/03\/Casal-Arta_Ambiente_05-1568x882.jpg 1568w, https:\/\/baudot1926.com\/wp-content\/uploads\/2024\/03\/Casal-Arta_Ambiente_05.jpg 1600w\" sizes=\"auto, (max-width: 1024px) 100vw, 1024px\" \/><\/a><\/figure>\n\n\n\n<figure class=\"wp-block-image size-large w-showTitle:no;\"><a href=\"https:\/\/baudot1926.com\/wp-content\/uploads\/2024\/03\/Casal-Arta_Ambiente_04.jpg\"><img loading=\"lazy\" decoding=\"async\" width=\"576\" height=\"1024\" data-id=\"106\" src=\"https:\/\/baudot1926.com\/wp-content\/uploads\/2024\/03\/Casal-Arta_Ambiente_04-576x1024.jpg\" alt=\"\" class=\"wp-image-106\" srcset=\"https:\/\/baudot1926.com\/wp-content\/uploads\/2024\/03\/Casal-Arta_Ambiente_04-576x1024.jpg 576w, https:\/\/baudot1926.com\/wp-content\/uploads\/2024\/03\/Casal-Arta_Ambiente_04-169x300.jpg 169w, https:\/\/baudot1926.com\/wp-content\/uploads\/2024\/03\/Casal-Arta_Ambiente_04-768x1365.jpg 768w, https:\/\/baudot1926.com\/wp-content\/uploads\/2024\/03\/Casal-Arta_Ambiente_04-864x1536.jpg 864w, https:\/\/baudot1926.com\/wp-content\/uploads\/2024\/03\/Casal-Arta_Ambiente_04.jpg 900w\" sizes=\"auto, (max-width: 576px) 100vw, 576px\" \/><\/a><\/figure>\n\n\n\n<figure class=\"wp-block-image size-large\"><a href=\"https:\/\/baudot1926.com\/wp-content\/uploads\/2024\/03\/Casal-Arta_Ambiente_02.jpg\"><img loading=\"lazy\" decoding=\"async\" width=\"1024\" height=\"576\" data-id=\"104\" src=\"https:\/\/baudot1926.com\/wp-content\/uploads\/2024\/03\/Casal-Arta_Ambiente_02-1024x576.jpg\" alt=\"\" class=\"wp-image-104\" srcset=\"https:\/\/baudot1926.com\/wp-content\/uploads\/2024\/03\/Casal-Arta_Ambiente_02-1024x576.jpg 1024w, https:\/\/baudot1926.com\/wp-content\/uploads\/2024\/03\/Casal-Arta_Ambiente_02-300x169.jpg 300w, https:\/\/baudot1926.com\/wp-content\/uploads\/2024\/03\/Casal-Arta_Ambiente_02-768x432.jpg 768w, https:\/\/baudot1926.com\/wp-content\/uploads\/2024\/03\/Casal-Arta_Ambiente_02-1536x864.jpg 1536w, https:\/\/baudot1926.com\/wp-content\/uploads\/2024\/03\/Casal-Arta_Ambiente_02-1568x882.jpg 1568w, https:\/\/baudot1926.com\/wp-content\/uploads\/2024\/03\/Casal-Arta_Ambiente_02.jpg 1600w\" sizes=\"auto, (max-width: 1024px) 100vw, 1024px\" \/><\/a><\/figure>\n\n\n\n<figure class=\"wp-block-image size-large\"><a href=\"https:\/\/baudot1926.com\/wp-content\/uploads\/2024\/03\/Casal-Arta_Ambiente_03.jpg\"><img loading=\"lazy\" decoding=\"async\" width=\"576\" height=\"1024\" data-id=\"105\" src=\"https:\/\/baudot1926.com\/wp-content\/uploads\/2024\/03\/Casal-Arta_Ambiente_03-576x1024.jpg\" alt=\"\" class=\"wp-image-105\" srcset=\"https:\/\/baudot1926.com\/wp-content\/uploads\/2024\/03\/Casal-Arta_Ambiente_03-576x1024.jpg 576w, https:\/\/baudot1926.com\/wp-content\/uploads\/2024\/03\/Casal-Arta_Ambiente_03-169x300.jpg 169w, https:\/\/baudot1926.com\/wp-content\/uploads\/2024\/03\/Casal-Arta_Ambiente_03-768x1365.jpg 768w, https:\/\/baudot1926.com\/wp-content\/uploads\/2024\/03\/Casal-Arta_Ambiente_03-864x1536.jpg 864w, https:\/\/baudot1926.com\/wp-content\/uploads\/2024\/03\/Casal-Arta_Ambiente_03.jpg 900w\" sizes=\"auto, (max-width: 576px) 100vw, 576px\" \/><\/a><\/figure>\n\n\n\n<figure class=\"wp-block-image size-large\"><a href=\"https:\/\/baudot1926.com\/wp-content\/uploads\/2024\/03\/Casal_Arta_Dormitorio_02.jpg\"><img loading=\"lazy\" decoding=\"async\" width=\"1024\" height=\"576\" data-id=\"124\" src=\"https:\/\/baudot1926.com\/wp-content\/uploads\/2024\/03\/Casal_Arta_Dormitorio_02-1024x576.jpg\" alt=\"\" class=\"wp-image-124\" srcset=\"https:\/\/baudot1926.com\/wp-content\/uploads\/2024\/03\/Casal_Arta_Dormitorio_02-1024x576.jpg 1024w, https:\/\/baudot1926.com\/wp-content\/uploads\/2024\/03\/Casal_Arta_Dormitorio_02-300x169.jpg 300w, https:\/\/baudot1926.com\/wp-content\/uploads\/2024\/03\/Casal_Arta_Dormitorio_02-768x432.jpg 768w, https:\/\/baudot1926.com\/wp-content\/uploads\/2024\/03\/Casal_Arta_Dormitorio_02-1536x864.jpg 1536w, https:\/\/baudot1926.com\/wp-content\/uploads\/2024\/03\/Casal_Arta_Dormitorio_02-1568x882.jpg 1568w, https:\/\/baudot1926.com\/wp-content\/uploads\/2024\/03\/Casal_Arta_Dormitorio_02.jpg 1600w\" sizes=\"auto, (max-width: 1024px) 100vw, 1024px\" \/><\/a><\/figure>\n\n\n\n<figure class=\"wp-block-image size-large\"><a href=\"https:\/\/baudot1926.com\/wp-content\/uploads\/2024\/03\/Casal_Arta_Dormitorio_01.jpg\"><img loading=\"lazy\" decoding=\"async\" width=\"1024\" height=\"576\" data-id=\"123\" src=\"https:\/\/baudot1926.com\/wp-content\/uploads\/2024\/03\/Casal_Arta_Dormitorio_01-1024x576.jpg\" alt=\"\" class=\"wp-image-123\" srcset=\"https:\/\/baudot1926.com\/wp-content\/uploads\/2024\/03\/Casal_Arta_Dormitorio_01-1024x576.jpg 1024w, https:\/\/baudot1926.com\/wp-content\/uploads\/2024\/03\/Casal_Arta_Dormitorio_01-300x169.jpg 300w, https:\/\/baudot1926.com\/wp-content\/uploads\/2024\/03\/Casal_Arta_Dormitorio_01-768x432.jpg 768w, https:\/\/baudot1926.com\/wp-content\/uploads\/2024\/03\/Casal_Arta_Dormitorio_01-1536x864.jpg 1536w, https:\/\/baudot1926.com\/wp-content\/uploads\/2024\/03\/Casal_Arta_Dormitorio_01-1568x882.jpg 1568w, https:\/\/baudot1926.com\/wp-content\/uploads\/2024\/03\/Casal_Arta_Dormitorio_01.jpg 1600w\" sizes=\"auto, (max-width: 1024px) 100vw, 1024px\" \/><\/a><\/figure>\n\n\n\n<figure class=\"wp-block-image size-large\"><a href=\"https:\/\/baudot1926.com\/wp-content\/uploads\/2024\/03\/Casal-Arta_Ambiente_07.jpg\"><img loading=\"lazy\" decoding=\"async\" width=\"576\" height=\"1024\" data-id=\"125\" src=\"https:\/\/baudot1926.com\/wp-content\/uploads\/2024\/03\/Casal-Arta_Ambiente_07-576x1024.jpg\" alt=\"\" class=\"wp-image-125\" srcset=\"https:\/\/baudot1926.com\/wp-content\/uploads\/2024\/03\/Casal-Arta_Ambiente_07-576x1024.jpg 576w, https:\/\/baudot1926.com\/wp-content\/uploads\/2024\/03\/Casal-Arta_Ambiente_07-169x300.jpg 169w, https:\/\/baudot1926.com\/wp-content\/uploads\/2024\/03\/Casal-Arta_Ambiente_07-768x1365.jpg 768w, https:\/\/baudot1926.com\/wp-content\/uploads\/2024\/03\/Casal-Arta_Ambiente_07-864x1536.jpg 864w, https:\/\/baudot1926.com\/wp-content\/uploads\/2024\/03\/Casal-Arta_Ambiente_07.jpg 900w\" sizes=\"auto, (max-width: 576px) 100vw, 576px\" \/><\/a><\/figure>\n<\/figure>\n\n\n\n<p>Unser Team besteht aus Menschen, die leidenschaftlich gerne pers\u00f6nliche Gastfreundschaft bieten. Wir sind f\u00fcr Sie da, wenn Sie Fragen zu unserer Umgebung, Gastronomie, Freizeit, Golf, Radfahren, Wandern \u2026.. haben. Wir m\u00f6chten, dass Ihr Aufenthalt in Art\u00e0 unvergesslich wird.<\/p>\n\n\n\n<p>Es ist ein perfekter Ort, um die Insel Mallorca zu erkunden, nur wenige Minuten Fahrt von den besten nat\u00fcrlichen Buchten wie Cala Torta oder wei\u00dfen Sandstr\u00e4nden und kristallklarem Wasser wie Playa de Muro oder Cala Mesquida. Im Umkreis von 10 Autominuten befinden sich 4 Golfpl\u00e4tze und ausgezeichnete Radwege im Naturpark von Llevant.<\/p>\n\n\n\n<div style=\"height:30px\" aria-hidden=\"true\" class=\"wp-block-spacer\"><\/div>\n\n\n\n<div class=\"wp-block-buttons is-content-justification-center is-layout-flex wp-container-core-buttons-is-layout-16018d1d wp-block-buttons-is-layout-flex\">\n<div class=\"wp-block-button is-style-fill\"><a class=\"wp-block-button__link wp-element-button\" href=\"https:\/\/direct-book.com\/properties\/casaldeartadirect\" target=\"_blank\" rel=\"noreferrer noopener\">ONLINE RESERVIERUNG<\/a><\/div>\n<\/div>\n\n\n\n<div style=\"height:30px\" aria-hidden=\"true\" class=\"wp-block-spacer\"><\/div>\n\n\n\n<div class=\"wp-block-columns is-layout-flex wp-container-core-columns-is-layout-9d6595d7 wp-block-columns-is-layout-flex\">\n<div class=\"wp-block-column is-layout-flow wp-block-column-is-layout-flow\">\n<h2 class=\"wp-block-heading\">Kontakt<\/h2>\n\n\n\n<p><strong>Casal d\u2019Art\u00e0<\/strong> by Baudot 1926<br>C \/ Rafael Blanes 19<br>07570 Art\u00e0 &#8211; Illes Balears<\/p>\n\n\n\n<p>Tel.:<\/p>\n\n\n\n<div class=\"wp-block-contact-form-7-contact-form-selector\">\n<div class=\"wpcf7 no-js\" id=\"wpcf7-f6-o1\" lang=\"en-GB\" dir=\"ltr\" data-wpcf7-id=\"6\">\n<div class=\"screen-reader-response\"><p role=\"status\" aria-live=\"polite\" aria-atomic=\"true\"><\/p> <ul><\/ul><\/div>\n<form action=\"\/de\/wp-json\/wp\/v2\/pages\/68#wpcf7-f6-o1\" method=\"post\" class=\"wpcf7-form init\" aria-label=\"Contact form\" novalidate=\"novalidate\" data-status=\"init\">\n<div style=\"display: none;\">\n<input type=\"hidden\" name=\"_wpcf7\" value=\"6\" \/>\n<input type=\"hidden\" name=\"_wpcf7_version\" value=\"6.0.2\" \/>\n<input type=\"hidden\" name=\"_wpcf7_locale\" value=\"en_GB\" \/>\n<input type=\"hidden\" name=\"_wpcf7_unit_tag\" value=\"wpcf7-f6-o1\" \/>\n<input type=\"hidden\" name=\"_wpcf7_container_post\" value=\"0\" \/>\n<input type=\"hidden\" name=\"_wpcf7_posted_data_hash\" value=\"\" \/>\n<input type=\"hidden\" name=\"_cf7a__timestamp\" value=\"0RG1So1wETQaDhVF6NcpXg==\" \/>\n<input type=\"hidden\" name=\"_cf7a_version\" value=\"1.0\" \/>\n<input type=\"hidden\" name=\"_cf7a_address\" value=\"c9FFuHzEBI9Eut+yFEzjtQ==\" \/>\n<input type=\"hidden\" name=\"_cf7a_referer\" value=\"fzUMGuhnMOfrO\/oSEn8EWw==\" \/>\n<input type=\"hidden\" name=\"_cf7a_protocol\" value=\"BISQxQhGW6bYTUXhEwrHVQ==\" \/>\n<input type=\"hidden\" name=\"lang\" value=\"de\" \/>\n<input type=\"hidden\" name=\"_cf7a_bot_fingerprint\" value=\"0RG1So1wETQaDhVF6NcpXg==\" \/>\n<input type=\"hidden\" name=\"_cf7a_bot_fingerprint_extras\" value=\"\" \/>\n<input type=\"hidden\" name=\"_cf7a_append_on_submit\" value=\"\" \/>\n<\/div>\n<p><label> Ihr Name<br \/>\n<span class=\"wpcf7-form-control-wrap\" data-name=\"your-name\"><input type=\"text\" name=\"name\" value=\"\" autocomplete=\"fill\" class=\"fit-the-fullspace\" aria-hidden=\"true\" tabindex=\"-1\" \/><input size=\"40\" maxlength=\"400\" class=\"wpcf7-form-control wpcf7-text wpcf7-validates-as-required\" autocomplete=\"name\" aria-required=\"true\" aria-invalid=\"false\" value=\"\" type=\"text\" name=\"your-name\" \/><\/span> <\/label>\n<\/p>\n<p><label> Ihre E-Mail Adresse<br \/>\n<span class=\"wpcf7-form-control-wrap\" data-name=\"your-email\"><input size=\"40\" maxlength=\"400\" class=\"wpcf7-form-control wpcf7-email wpcf7-validates-as-required wpcf7-text wpcf7-validates-as-email\" autocomplete=\"email\" aria-required=\"true\" aria-invalid=\"false\" value=\"\" type=\"email\" name=\"your-email\" \/><\/span> <\/label>\n<\/p>\n<p><label> Betreff<br \/>\n<span class=\"wpcf7-form-control-wrap\" data-name=\"your-subject\"><input size=\"40\" maxlength=\"400\" class=\"wpcf7-form-control wpcf7-text wpcf7-validates-as-required\" aria-required=\"true\" aria-invalid=\"false\" value=\"\" type=\"text\" name=\"your-subject\" \/><input type=\"text\" name=\"address\" value=\"\" autocomplete=\"fill\" class=\"fit-the-fullspace\" aria-hidden=\"true\" tabindex=\"-1\" \/><\/span> <\/label>\n<\/p>\n<p><label> Ihre Nachricht (optional)<br \/>\n<span class=\"wpcf7-form-control-wrap\" data-name=\"your-message\"><textarea cols=\"40\" rows=\"10\" maxlength=\"2000\" class=\"wpcf7-form-control wpcf7-textarea\" aria-invalid=\"false\" name=\"your-message\"><\/textarea><\/span> <\/label>\n<\/p>\n<p><span class=\"wpcf7-form-control-wrap\" data-name=\"acceptance-202\"><span class=\"wpcf7-form-control wpcf7-acceptance\"><span class=\"wpcf7-list-item\"><label><input type=\"checkbox\" name=\"acceptance-202\" value=\"1\" aria-invalid=\"false\" \/><span class=\"wpcf7-list-item-label\">Ihre Daten werden ausschlie\u00dflich zum Zwecke der von Ihnen angeforderten Aufgabe oder Unterlagen verwendet. Nach Ablauf der gesetzlichen Aufbewahrungsfristen werden diese von uns gel\u00f6scht. Weitere Informationen finden Sie in unserer Datenschutzerkl\u00e4rung. Hiermit erkl\u00e4re ich mich einverstanden.<\/span><\/label><\/span><\/span><\/span>\n<\/p>\n<p><input class=\"wpcf7-form-control wpcf7-submit has-spinner\" type=\"submit\" value=\"Senden\" \/>\n<\/p><div class=\"wpcf7-response-output\" aria-hidden=\"true\"><\/div>\n<\/form>\n<\/div>\n<\/div>\n<\/div>\n\n\n\n<div class=\"wp-block-column is-layout-flow wp-block-column-is-layout-flow\">\n<figure class=\"wp-block-gallery has-nested-images columns-default is-cropped wp-block-gallery-2 is-layout-flex wp-block-gallery-is-layout-flex\">\n<figure class=\"wp-block-image size-large\"><img loading=\"lazy\" decoding=\"async\" width=\"576\" height=\"1024\" data-id=\"105\" src=\"https:\/\/baudot1926.com\/wp-content\/uploads\/2024\/03\/Casal-Arta_Ambiente_03-576x1024.jpg\" alt=\"\" class=\"wp-image-105\" srcset=\"https:\/\/baudot1926.com\/wp-content\/uploads\/2024\/03\/Casal-Arta_Ambiente_03-576x1024.jpg 576w, https:\/\/baudot1926.com\/wp-content\/uploads\/2024\/03\/Casal-Arta_Ambiente_03-169x300.jpg 169w, https:\/\/baudot1926.com\/wp-content\/uploads\/2024\/03\/Casal-Arta_Ambiente_03-768x1365.jpg 768w, https:\/\/baudot1926.com\/wp-content\/uploads\/2024\/03\/Casal-Arta_Ambiente_03-864x1536.jpg 864w, https:\/\/baudot1926.com\/wp-content\/uploads\/2024\/03\/Casal-Arta_Ambiente_03.jpg 900w\" sizes=\"auto, (max-width: 576px) 100vw, 576px\" \/><\/figure>\n<\/figure>\n<\/div>\n<\/div>\n","protected":false},"excerpt":{"rendered":"<p>Willkommen! Im Casal D&#8217;Art\u00e0 sind wir stolz darauf, unseren G\u00e4sten w\u00e4hrend ihres Aufenthalts auf Mallorca eine einladende und authentische Atmosph\u00e4re zu bieten. Ambiente Unser Team besteht aus Menschen, die leidenschaftlich gerne pers\u00f6nliche Gastfreundschaft bieten. Wir sind f\u00fcr Sie da, wenn Sie Fragen zu unserer Umgebung, Gastronomie, Freizeit, Golf, Radfahren, Wandern \u2026.. haben. Wir m\u00f6chten, dass&hellip; <a class=\"more-link\" href=\"https:\/\/baudot1926.com\/de\/hotel-casal-d-arta\/\"><span class=\"screen-reader-text\">Casal d\u00b4 Art\u00e0<\/span> weiterlesen<\/a><\/p>\n","protected":false},"author":1,"featured_media":0,"parent":0,"menu_order":0,"comment_status":"closed","ping_status":"closed","template":"","meta":{"inline_featured_image":false,"footnotes":""},"class_list":["post-68","page","type-page","status-publish","hentry","entry"],"_links":{"self":[{"href":"https:\/\/baudot1926.com\/de\/wp-json\/wp\/v2\/pages\/68","targetHints":{"allow":["GET"]}}],"collection":[{"href":"https:\/\/baudot1926.com\/de\/wp-json\/wp\/v2\/pages"}],"about":[{"href":"https:\/\/baudot1926.com\/de\/wp-json\/wp\/v2\/types\/page"}],"author":[{"embeddable":true,"href":"https:\/\/baudot1926.com\/de\/wp-json\/wp\/v2\/users\/1"}],"replies":[{"embeddable":true,"href":"https:\/\/baudot1926.com\/de\/wp-json\/wp\/v2\/comments?post=68"}],"version-history":[{"count":66,"href":"https:\/\/baudot1926.com\/de\/wp-json\/wp\/v2\/pages\/68\/revisions"}],"predecessor-version":[{"id":331,"href":"https:\/\/baudot1926.com\/de\/wp-json\/wp\/v2\/pages\/68\/revisions\/331"}],"wp:attachment":[{"href":"https:\/\/baudot1926.com\/de\/wp-json\/wp\/v2\/media?parent=68"}],"curies":[{"name":"wp","href":"https:\/\/api.w.org\/{rel}","templated":true}]}}