{"id":64,"date":"2024-03-04T12:06:21","date_gmt":"2024-03-04T12:06:21","guid":{"rendered":"https:\/\/baudot1926.com\/?page_id=64"},"modified":"2024-03-28T11:42:23","modified_gmt":"2024-03-28T11:42:23","slug":"taperia-es","status":"publish","type":"page","link":"https:\/\/baudot1926.com\/de\/taperia-es\/","title":{"rendered":"La Taperia"},"content":{"rendered":"\n<div class=\"wp-block-columns is-layout-flex wp-container-core-columns-is-layout-9d6595d7 wp-block-columns-is-layout-flex\">\n<div class=\"wp-block-column is-layout-flow wp-block-column-is-layout-flow\">\n<figure class=\"wp-block-image size-full is-style-default\"><img loading=\"lazy\" decoding=\"async\" width=\"1600\" height=\"900\" src=\"https:\/\/baudot1926.com\/wp-content\/uploads\/2024\/03\/Casal-Arta_Detalles_01-1.jpg\" alt=\"\" class=\"wp-image-121\" style=\"aspect-ratio:3\/2;object-fit:cover\" srcset=\"https:\/\/baudot1926.com\/wp-content\/uploads\/2024\/03\/Casal-Arta_Detalles_01-1.jpg 1600w, https:\/\/baudot1926.com\/wp-content\/uploads\/2024\/03\/Casal-Arta_Detalles_01-1-300x169.jpg 300w, https:\/\/baudot1926.com\/wp-content\/uploads\/2024\/03\/Casal-Arta_Detalles_01-1-1024x576.jpg 1024w, https:\/\/baudot1926.com\/wp-content\/uploads\/2024\/03\/Casal-Arta_Detalles_01-1-768x432.jpg 768w, https:\/\/baudot1926.com\/wp-content\/uploads\/2024\/03\/Casal-Arta_Detalles_01-1-1536x864.jpg 1536w, https:\/\/baudot1926.com\/wp-content\/uploads\/2024\/03\/Casal-Arta_Detalles_01-1-1568x882.jpg 1568w\" sizes=\"auto, (max-width: 1600px) 100vw, 1600px\" \/><\/figure>\n<\/div>\n\n\n\n<div class=\"wp-block-column is-layout-flow wp-block-column-is-layout-flow\">\n<h2 class=\"wp-block-heading\">Willkommen! <\/h2>\n\n\n\n<p>Die Taperia befindet sich im Herzen von Art\u00e0 in dem kolonialen Geb\u00e4ude Casal d&#8217;Art\u00e0 und seiner gro\u00dfen Terrasse neben dem Rathausplatz.<\/p>\n<\/div>\n<\/div>\n\n\n\n<div style=\"height:30px\" aria-hidden=\"true\" class=\"wp-block-spacer\"><\/div>\n\n\n\n<h2 class=\"wp-block-heading\">Ambiente<\/h2>\n\n\n\n<figure class=\"wp-block-gallery has-nested-images columns-default is-cropped w-showTitle:no; wp-block-gallery-1 is-layout-flex wp-block-gallery-is-layout-flex\">\n<figure class=\"wp-block-image size-large\"><a href=\"https:\/\/baudot1926.com\/wp-content\/uploads\/2024\/03\/Casal-Arta_Ambiente_06.jpg\"><img loading=\"lazy\" decoding=\"async\" width=\"1024\" height=\"576\" data-id=\"108\" src=\"https:\/\/baudot1926.com\/wp-content\/uploads\/2024\/03\/Casal-Arta_Ambiente_06-1024x576.jpg\" alt=\"\" class=\"wp-image-108\" srcset=\"https:\/\/baudot1926.com\/wp-content\/uploads\/2024\/03\/Casal-Arta_Ambiente_06-1024x576.jpg 1024w, https:\/\/baudot1926.com\/wp-content\/uploads\/2024\/03\/Casal-Arta_Ambiente_06-300x169.jpg 300w, https:\/\/baudot1926.com\/wp-content\/uploads\/2024\/03\/Casal-Arta_Ambiente_06-768x432.jpg 768w, https:\/\/baudot1926.com\/wp-content\/uploads\/2024\/03\/Casal-Arta_Ambiente_06-1536x864.jpg 1536w, https:\/\/baudot1926.com\/wp-content\/uploads\/2024\/03\/Casal-Arta_Ambiente_06-1568x882.jpg 1568w, https:\/\/baudot1926.com\/wp-content\/uploads\/2024\/03\/Casal-Arta_Ambiente_06.jpg 1600w\" sizes=\"auto, (max-width: 1024px) 100vw, 1024px\" \/><\/a><\/figure>\n\n\n\n<figure class=\"wp-block-image size-large\"><a href=\"https:\/\/baudot1926.com\/wp-content\/uploads\/2024\/03\/Casal-Arta_Ambiente_05.jpg\"><img loading=\"lazy\" decoding=\"async\" width=\"1024\" height=\"576\" data-id=\"107\" src=\"https:\/\/baudot1926.com\/wp-content\/uploads\/2024\/03\/Casal-Arta_Ambiente_05-1024x576.jpg\" alt=\"\" class=\"wp-image-107\" srcset=\"https:\/\/baudot1926.com\/wp-content\/uploads\/2024\/03\/Casal-Arta_Ambiente_05-1024x576.jpg 1024w, https:\/\/baudot1926.com\/wp-content\/uploads\/2024\/03\/Casal-Arta_Ambiente_05-300x169.jpg 300w, https:\/\/baudot1926.com\/wp-content\/uploads\/2024\/03\/Casal-Arta_Ambiente_05-768x432.jpg 768w, https:\/\/baudot1926.com\/wp-content\/uploads\/2024\/03\/Casal-Arta_Ambiente_05-1536x864.jpg 1536w, https:\/\/baudot1926.com\/wp-content\/uploads\/2024\/03\/Casal-Arta_Ambiente_05-1568x882.jpg 1568w, https:\/\/baudot1926.com\/wp-content\/uploads\/2024\/03\/Casal-Arta_Ambiente_05.jpg 1600w\" sizes=\"auto, (max-width: 1024px) 100vw, 1024px\" \/><\/a><\/figure>\n\n\n\n<figure class=\"wp-block-image size-large\"><a href=\"https:\/\/baudot1926.com\/wp-content\/uploads\/2024\/03\/Casal-Arta_Ambiente_02.jpg\"><img loading=\"lazy\" decoding=\"async\" width=\"1024\" height=\"576\" data-id=\"104\" src=\"https:\/\/baudot1926.com\/wp-content\/uploads\/2024\/03\/Casal-Arta_Ambiente_02-1024x576.jpg\" alt=\"\" class=\"wp-image-104\" srcset=\"https:\/\/baudot1926.com\/wp-content\/uploads\/2024\/03\/Casal-Arta_Ambiente_02-1024x576.jpg 1024w, https:\/\/baudot1926.com\/wp-content\/uploads\/2024\/03\/Casal-Arta_Ambiente_02-300x169.jpg 300w, https:\/\/baudot1926.com\/wp-content\/uploads\/2024\/03\/Casal-Arta_Ambiente_02-768x432.jpg 768w, https:\/\/baudot1926.com\/wp-content\/uploads\/2024\/03\/Casal-Arta_Ambiente_02-1536x864.jpg 1536w, https:\/\/baudot1926.com\/wp-content\/uploads\/2024\/03\/Casal-Arta_Ambiente_02-1568x882.jpg 1568w, https:\/\/baudot1926.com\/wp-content\/uploads\/2024\/03\/Casal-Arta_Ambiente_02.jpg 1600w\" sizes=\"auto, (max-width: 1024px) 100vw, 1024px\" \/><\/a><\/figure>\n\n\n\n<figure class=\"wp-block-image size-large\"><a href=\"https:\/\/baudot1926.com\/wp-content\/uploads\/2024\/03\/Casal_Arta_Tapas_03.jpg\"><img loading=\"lazy\" decoding=\"async\" width=\"1024\" height=\"576\" data-id=\"101\" src=\"https:\/\/baudot1926.com\/wp-content\/uploads\/2024\/03\/Casal_Arta_Tapas_03-1024x576.jpg\" alt=\"\" class=\"wp-image-101\" srcset=\"https:\/\/baudot1926.com\/wp-content\/uploads\/2024\/03\/Casal_Arta_Tapas_03-1024x576.jpg 1024w, https:\/\/baudot1926.com\/wp-content\/uploads\/2024\/03\/Casal_Arta_Tapas_03-300x169.jpg 300w, https:\/\/baudot1926.com\/wp-content\/uploads\/2024\/03\/Casal_Arta_Tapas_03-768x432.jpg 768w, https:\/\/baudot1926.com\/wp-content\/uploads\/2024\/03\/Casal_Arta_Tapas_03-1536x864.jpg 1536w, https:\/\/baudot1926.com\/wp-content\/uploads\/2024\/03\/Casal_Arta_Tapas_03-1568x882.jpg 1568w, https:\/\/baudot1926.com\/wp-content\/uploads\/2024\/03\/Casal_Arta_Tapas_03.jpg 1600w\" sizes=\"auto, (max-width: 1024px) 100vw, 1024px\" \/><\/a><\/figure>\n\n\n\n<figure class=\"wp-block-image size-large\"><a href=\"https:\/\/baudot1926.com\/wp-content\/uploads\/2024\/03\/Casal_Arta_Tapas_01.jpg\"><img loading=\"lazy\" decoding=\"async\" width=\"1024\" height=\"576\" data-id=\"99\" src=\"https:\/\/baudot1926.com\/wp-content\/uploads\/2024\/03\/Casal_Arta_Tapas_01-1024x576.jpg\" alt=\"\" class=\"wp-image-99\" srcset=\"https:\/\/baudot1926.com\/wp-content\/uploads\/2024\/03\/Casal_Arta_Tapas_01-1024x576.jpg 1024w, https:\/\/baudot1926.com\/wp-content\/uploads\/2024\/03\/Casal_Arta_Tapas_01-300x169.jpg 300w, https:\/\/baudot1926.com\/wp-content\/uploads\/2024\/03\/Casal_Arta_Tapas_01-768x432.jpg 768w, https:\/\/baudot1926.com\/wp-content\/uploads\/2024\/03\/Casal_Arta_Tapas_01-1536x864.jpg 1536w, https:\/\/baudot1926.com\/wp-content\/uploads\/2024\/03\/Casal_Arta_Tapas_01-1568x882.jpg 1568w, https:\/\/baudot1926.com\/wp-content\/uploads\/2024\/03\/Casal_Arta_Tapas_01.jpg 1600w\" sizes=\"auto, (max-width: 1024px) 100vw, 1024px\" \/><\/a><\/figure>\n\n\n\n<figure class=\"wp-block-image size-large\"><a href=\"https:\/\/baudot1926.com\/wp-content\/uploads\/2024\/03\/Casal_Arta_Patatas_02.jpg\"><img loading=\"lazy\" decoding=\"async\" width=\"1024\" height=\"576\" data-id=\"98\" src=\"https:\/\/baudot1926.com\/wp-content\/uploads\/2024\/03\/Casal_Arta_Patatas_02-1024x576.jpg\" alt=\"\" class=\"wp-image-98\" srcset=\"https:\/\/baudot1926.com\/wp-content\/uploads\/2024\/03\/Casal_Arta_Patatas_02-1024x576.jpg 1024w, https:\/\/baudot1926.com\/wp-content\/uploads\/2024\/03\/Casal_Arta_Patatas_02-300x169.jpg 300w, https:\/\/baudot1926.com\/wp-content\/uploads\/2024\/03\/Casal_Arta_Patatas_02-768x432.jpg 768w, https:\/\/baudot1926.com\/wp-content\/uploads\/2024\/03\/Casal_Arta_Patatas_02-1536x864.jpg 1536w, https:\/\/baudot1926.com\/wp-content\/uploads\/2024\/03\/Casal_Arta_Patatas_02-1568x882.jpg 1568w, https:\/\/baudot1926.com\/wp-content\/uploads\/2024\/03\/Casal_Arta_Patatas_02.jpg 1600w\" sizes=\"auto, (max-width: 1024px) 100vw, 1024px\" \/><\/a><\/figure>\n\n\n\n<figure class=\"wp-block-image size-large\"><a href=\"https:\/\/baudot1926.com\/wp-content\/uploads\/2024\/03\/Casal_Arta_Patatas_01.jpg\"><img loading=\"lazy\" decoding=\"async\" width=\"1024\" height=\"576\" data-id=\"97\" src=\"https:\/\/baudot1926.com\/wp-content\/uploads\/2024\/03\/Casal_Arta_Patatas_01-1024x576.jpg\" alt=\"\" class=\"wp-image-97\" srcset=\"https:\/\/baudot1926.com\/wp-content\/uploads\/2024\/03\/Casal_Arta_Patatas_01-1024x576.jpg 1024w, https:\/\/baudot1926.com\/wp-content\/uploads\/2024\/03\/Casal_Arta_Patatas_01-300x169.jpg 300w, https:\/\/baudot1926.com\/wp-content\/uploads\/2024\/03\/Casal_Arta_Patatas_01-768x432.jpg 768w, https:\/\/baudot1926.com\/wp-content\/uploads\/2024\/03\/Casal_Arta_Patatas_01-1536x864.jpg 1536w, https:\/\/baudot1926.com\/wp-content\/uploads\/2024\/03\/Casal_Arta_Patatas_01-1568x882.jpg 1568w, https:\/\/baudot1926.com\/wp-content\/uploads\/2024\/03\/Casal_Arta_Patatas_01.jpg 1600w\" sizes=\"auto, (max-width: 1024px) 100vw, 1024px\" \/><\/a><\/figure>\n\n\n\n<figure class=\"wp-block-image size-large\"><a href=\"https:\/\/baudot1926.com\/wp-content\/uploads\/2024\/03\/Casal_Arta_Ensalada_01.jpg\"><img loading=\"lazy\" decoding=\"async\" width=\"1024\" height=\"576\" data-id=\"96\" src=\"https:\/\/baudot1926.com\/wp-content\/uploads\/2024\/03\/Casal_Arta_Ensalada_01-1024x576.jpg\" alt=\"\" class=\"wp-image-96\" srcset=\"https:\/\/baudot1926.com\/wp-content\/uploads\/2024\/03\/Casal_Arta_Ensalada_01-1024x576.jpg 1024w, https:\/\/baudot1926.com\/wp-content\/uploads\/2024\/03\/Casal_Arta_Ensalada_01-300x169.jpg 300w, https:\/\/baudot1926.com\/wp-content\/uploads\/2024\/03\/Casal_Arta_Ensalada_01-768x432.jpg 768w, https:\/\/baudot1926.com\/wp-content\/uploads\/2024\/03\/Casal_Arta_Ensalada_01-1536x864.jpg 1536w, https:\/\/baudot1926.com\/wp-content\/uploads\/2024\/03\/Casal_Arta_Ensalada_01-1568x882.jpg 1568w, https:\/\/baudot1926.com\/wp-content\/uploads\/2024\/03\/Casal_Arta_Ensalada_01.jpg 1600w\" sizes=\"auto, (max-width: 1024px) 100vw, 1024px\" \/><\/a><\/figure>\n\n\n\n<figure class=\"wp-block-image size-large\"><a href=\"https:\/\/baudot1926.com\/wp-content\/uploads\/2024\/03\/Casal_Arta_Carne_02.jpg\"><img loading=\"lazy\" decoding=\"async\" width=\"1024\" height=\"576\" data-id=\"95\" src=\"https:\/\/baudot1926.com\/wp-content\/uploads\/2024\/03\/Casal_Arta_Carne_02-1024x576.jpg\" alt=\"\" class=\"wp-image-95\" srcset=\"https:\/\/baudot1926.com\/wp-content\/uploads\/2024\/03\/Casal_Arta_Carne_02-1024x576.jpg 1024w, https:\/\/baudot1926.com\/wp-content\/uploads\/2024\/03\/Casal_Arta_Carne_02-300x169.jpg 300w, https:\/\/baudot1926.com\/wp-content\/uploads\/2024\/03\/Casal_Arta_Carne_02-768x432.jpg 768w, https:\/\/baudot1926.com\/wp-content\/uploads\/2024\/03\/Casal_Arta_Carne_02-1536x864.jpg 1536w, https:\/\/baudot1926.com\/wp-content\/uploads\/2024\/03\/Casal_Arta_Carne_02-1568x882.jpg 1568w, https:\/\/baudot1926.com\/wp-content\/uploads\/2024\/03\/Casal_Arta_Carne_02.jpg 1600w\" sizes=\"auto, (max-width: 1024px) 100vw, 1024px\" \/><\/a><\/figure>\n\n\n\n<figure class=\"wp-block-image size-large\"><a href=\"https:\/\/baudot1926.com\/wp-content\/uploads\/2024\/03\/Casal_Arta_Carne_01.jpg\"><img loading=\"lazy\" decoding=\"async\" width=\"1024\" height=\"576\" data-id=\"94\" src=\"https:\/\/baudot1926.com\/wp-content\/uploads\/2024\/03\/Casal_Arta_Carne_01-1024x576.jpg\" alt=\"\" class=\"wp-image-94\" srcset=\"https:\/\/baudot1926.com\/wp-content\/uploads\/2024\/03\/Casal_Arta_Carne_01-1024x576.jpg 1024w, https:\/\/baudot1926.com\/wp-content\/uploads\/2024\/03\/Casal_Arta_Carne_01-300x169.jpg 300w, https:\/\/baudot1926.com\/wp-content\/uploads\/2024\/03\/Casal_Arta_Carne_01-768x432.jpg 768w, https:\/\/baudot1926.com\/wp-content\/uploads\/2024\/03\/Casal_Arta_Carne_01-1536x864.jpg 1536w, https:\/\/baudot1926.com\/wp-content\/uploads\/2024\/03\/Casal_Arta_Carne_01-1568x882.jpg 1568w, https:\/\/baudot1926.com\/wp-content\/uploads\/2024\/03\/Casal_Arta_Carne_01.jpg 1600w\" sizes=\"auto, (max-width: 1024px) 100vw, 1024px\" \/><\/a><\/figure>\n\n\n\n<figure class=\"wp-block-image size-large\"><a href=\"https:\/\/baudot1926.com\/wp-content\/uploads\/2024\/03\/Casal-Arta_Detalles_01.jpg\"><img loading=\"lazy\" decoding=\"async\" width=\"1024\" height=\"576\" data-id=\"109\" src=\"https:\/\/baudot1926.com\/wp-content\/uploads\/2024\/03\/Casal-Arta_Detalles_01-1024x576.jpg\" alt=\"\" class=\"wp-image-109\" srcset=\"https:\/\/baudot1926.com\/wp-content\/uploads\/2024\/03\/Casal-Arta_Detalles_01-1024x576.jpg 1024w, https:\/\/baudot1926.com\/wp-content\/uploads\/2024\/03\/Casal-Arta_Detalles_01-300x169.jpg 300w, https:\/\/baudot1926.com\/wp-content\/uploads\/2024\/03\/Casal-Arta_Detalles_01-768x432.jpg 768w, https:\/\/baudot1926.com\/wp-content\/uploads\/2024\/03\/Casal-Arta_Detalles_01-1536x864.jpg 1536w, https:\/\/baudot1926.com\/wp-content\/uploads\/2024\/03\/Casal-Arta_Detalles_01-1568x882.jpg 1568w, https:\/\/baudot1926.com\/wp-content\/uploads\/2024\/03\/Casal-Arta_Detalles_01.jpg 1600w\" sizes=\"auto, (max-width: 1024px) 100vw, 1024px\" \/><\/a><\/figure>\n\n\n\n<figure class=\"wp-block-image size-large\"><a href=\"https:\/\/baudot1926.com\/wp-content\/uploads\/2024\/03\/Taperia-Ambiente.jpg\"><img loading=\"lazy\" decoding=\"async\" width=\"1024\" height=\"576\" data-id=\"198\" src=\"https:\/\/baudot1926.com\/wp-content\/uploads\/2024\/03\/Taperia-Ambiente-1024x576.jpg\" alt=\"Taperia Art\u00e0\" class=\"wp-image-198\" srcset=\"https:\/\/baudot1926.com\/wp-content\/uploads\/2024\/03\/Taperia-Ambiente-1024x576.jpg 1024w, https:\/\/baudot1926.com\/wp-content\/uploads\/2024\/03\/Taperia-Ambiente-300x169.jpg 300w, https:\/\/baudot1926.com\/wp-content\/uploads\/2024\/03\/Taperia-Ambiente-768x432.jpg 768w, https:\/\/baudot1926.com\/wp-content\/uploads\/2024\/03\/Taperia-Ambiente-1536x864.jpg 1536w, https:\/\/baudot1926.com\/wp-content\/uploads\/2024\/03\/Taperia-Ambiente-1568x882.jpg 1568w, https:\/\/baudot1926.com\/wp-content\/uploads\/2024\/03\/Taperia-Ambiente.jpg 1600w\" sizes=\"auto, (max-width: 1024px) 100vw, 1024px\" \/><\/a><\/figure>\n<\/figure>\n\n\n\n<div style=\"height:30px\" aria-hidden=\"true\" class=\"wp-block-spacer\"><\/div>\n\n\n\n<p>Genie\u00dfen Sie die klassischen Tapas der spanischen K\u00fcche, unser Fleisch oder Fisch vom Steingrill zusammen mit einer gro\u00dfen Auswahl an Weinen. Es ist ein Treffpunkt f\u00fcr Freunde und Familie, um gutes Essen, Lachen und Gespr\u00e4che zu teilen.<\/p>\n\n\n\n<div style=\"height:30px\" aria-hidden=\"true\" class=\"wp-block-spacer\"><\/div>\n\n\n\n<div class=\"wp-block-columns is-layout-flex wp-container-core-columns-is-layout-9d6595d7 wp-block-columns-is-layout-flex\">\n<div class=\"wp-block-column is-layout-flow wp-block-column-is-layout-flow\">\n<h2 class=\"wp-block-heading\">Kontakt<\/h2>\n\n\n\n<p><strong>Taperia <\/strong>by Baudot 1926<strong><br><\/strong>C \/ Rafael Blanes 19<br>07570 Art\u00e0 &#8211; Illes Balears<\/p>\n\n\n\n<p>Tel.:<\/p>\n\n\n\n<div class=\"wp-block-contact-form-7-contact-form-selector\">\n<div class=\"wpcf7 no-js\" id=\"wpcf7-f6-o1\" lang=\"en-GB\" dir=\"ltr\" data-wpcf7-id=\"6\">\n<div class=\"screen-reader-response\"><p role=\"status\" aria-live=\"polite\" aria-atomic=\"true\"><\/p> <ul><\/ul><\/div>\n<form action=\"\/de\/wp-json\/wp\/v2\/pages\/64#wpcf7-f6-o1\" method=\"post\" class=\"wpcf7-form init\" aria-label=\"Contact form\" novalidate=\"novalidate\" data-status=\"init\">\n<div style=\"display: none;\">\n<input type=\"hidden\" name=\"_wpcf7\" value=\"6\" \/>\n<input type=\"hidden\" name=\"_wpcf7_version\" value=\"6.0.2\" \/>\n<input type=\"hidden\" name=\"_wpcf7_locale\" value=\"en_GB\" \/>\n<input type=\"hidden\" name=\"_wpcf7_unit_tag\" value=\"wpcf7-f6-o1\" \/>\n<input type=\"hidden\" name=\"_wpcf7_container_post\" value=\"0\" \/>\n<input type=\"hidden\" name=\"_wpcf7_posted_data_hash\" value=\"\" \/>\n<input type=\"hidden\" name=\"_cf7a__timestamp\" value=\"lN88YIKloQ39KDi3bJDZ4Q==\" \/>\n<input type=\"hidden\" name=\"_cf7a_version\" value=\"1.0\" \/>\n<input type=\"hidden\" name=\"_cf7a_address\" value=\"n52gkYbZwuiG\/CWI1QV08A==\" \/>\n<input type=\"hidden\" name=\"_cf7a_referer\" value=\"fzUMGuhnMOfrO\/oSEn8EWw==\" \/>\n<input type=\"hidden\" name=\"_cf7a_protocol\" value=\"BISQxQhGW6bYTUXhEwrHVQ==\" \/>\n<input type=\"hidden\" name=\"lang\" value=\"de\" \/>\n<input type=\"hidden\" name=\"_cf7a_bot_fingerprint\" value=\"lN88YIKloQ39KDi3bJDZ4Q==\" \/>\n<input type=\"hidden\" name=\"_cf7a_bot_fingerprint_extras\" value=\"\" \/>\n<input type=\"hidden\" name=\"_cf7a_append_on_submit\" value=\"\" \/>\n<\/div>\n<p><label> Ihr Name<br \/>\n<span class=\"wpcf7-form-control-wrap\" data-name=\"your-name\"><input type=\"text\" name=\"name\" value=\"\" autocomplete=\"fill\" class=\"fit-the-fullspace\" aria-hidden=\"true\" tabindex=\"-1\" \/><input size=\"40\" maxlength=\"400\" class=\"wpcf7-form-control wpcf7-text wpcf7-validates-as-required\" autocomplete=\"name\" aria-required=\"true\" aria-invalid=\"false\" value=\"\" type=\"text\" name=\"your-name\" \/><\/span> <\/label>\n<\/p>\n<p><label> Ihre E-Mail Adresse<br \/>\n<span class=\"wpcf7-form-control-wrap\" data-name=\"your-email\"><input size=\"40\" maxlength=\"400\" class=\"wpcf7-form-control wpcf7-email wpcf7-validates-as-required wpcf7-text wpcf7-validates-as-email\" autocomplete=\"email\" aria-required=\"true\" aria-invalid=\"false\" value=\"\" type=\"email\" name=\"your-email\" \/><\/span> <\/label>\n<\/p>\n<p><label> Betreff<br \/>\n<span class=\"wpcf7-form-control-wrap\" data-name=\"your-subject\"><input size=\"40\" maxlength=\"400\" class=\"wpcf7-form-control wpcf7-text wpcf7-validates-as-required\" aria-required=\"true\" aria-invalid=\"false\" value=\"\" type=\"text\" name=\"your-subject\" \/><input type=\"text\" name=\"address\" value=\"\" autocomplete=\"fill\" class=\"fit-the-fullspace\" aria-hidden=\"true\" tabindex=\"-1\" \/><\/span> <\/label>\n<\/p>\n<p><label> Ihre Nachricht (optional)<br \/>\n<span class=\"wpcf7-form-control-wrap\" data-name=\"your-message\"><textarea cols=\"40\" rows=\"10\" maxlength=\"2000\" class=\"wpcf7-form-control wpcf7-textarea\" aria-invalid=\"false\" name=\"your-message\"><\/textarea><\/span> <\/label>\n<\/p>\n<p><span class=\"wpcf7-form-control-wrap\" data-name=\"acceptance-202\"><span class=\"wpcf7-form-control wpcf7-acceptance\"><span class=\"wpcf7-list-item\"><label><input type=\"checkbox\" name=\"acceptance-202\" value=\"1\" aria-invalid=\"false\" \/><span class=\"wpcf7-list-item-label\">Ihre Daten werden ausschlie\u00dflich zum Zwecke der von Ihnen angeforderten Aufgabe oder Unterlagen verwendet. Nach Ablauf der gesetzlichen Aufbewahrungsfristen werden diese von uns gel\u00f6scht. Weitere Informationen finden Sie in unserer Datenschutzerkl\u00e4rung. Hiermit erkl\u00e4re ich mich einverstanden.<\/span><\/label><\/span><\/span><\/span>\n<\/p>\n<p><input class=\"wpcf7-form-control wpcf7-submit has-spinner\" type=\"submit\" value=\"Senden\" \/>\n<\/p><div class=\"wpcf7-response-output\" aria-hidden=\"true\"><\/div>\n<\/form>\n<\/div>\n<\/div>\n<\/div>\n\n\n\n<div class=\"wp-block-column is-layout-flow wp-block-column-is-layout-flow\">\n<figure class=\"wp-block-gallery has-nested-images columns-default is-cropped wp-block-gallery-2 is-layout-flex wp-block-gallery-is-layout-flex\">\n<figure class=\"wp-block-image size-large\"><img loading=\"lazy\" decoding=\"async\" width=\"576\" height=\"1024\" data-id=\"105\" src=\"https:\/\/baudot1926.com\/wp-content\/uploads\/2024\/03\/Casal-Arta_Ambiente_03-576x1024.jpg\" alt=\"\" class=\"wp-image-105\" srcset=\"https:\/\/baudot1926.com\/wp-content\/uploads\/2024\/03\/Casal-Arta_Ambiente_03-576x1024.jpg 576w, https:\/\/baudot1926.com\/wp-content\/uploads\/2024\/03\/Casal-Arta_Ambiente_03-169x300.jpg 169w, https:\/\/baudot1926.com\/wp-content\/uploads\/2024\/03\/Casal-Arta_Ambiente_03-768x1365.jpg 768w, https:\/\/baudot1926.com\/wp-content\/uploads\/2024\/03\/Casal-Arta_Ambiente_03-864x1536.jpg 864w, https:\/\/baudot1926.com\/wp-content\/uploads\/2024\/03\/Casal-Arta_Ambiente_03.jpg 900w\" sizes=\"auto, (max-width: 576px) 100vw, 576px\" \/><\/figure>\n<\/figure>\n<\/div>\n<\/div>\n","protected":false},"excerpt":{"rendered":"<p>Willkommen! Die Taperia befindet sich im Herzen von Art\u00e0 in dem kolonialen Geb\u00e4ude Casal d&#8217;Art\u00e0 und seiner gro\u00dfen Terrasse neben dem Rathausplatz. Ambiente Genie\u00dfen Sie die klassischen Tapas der spanischen K\u00fcche, unser Fleisch oder Fisch vom Steingrill zusammen mit einer gro\u00dfen Auswahl an Weinen. Es ist ein Treffpunkt f\u00fcr Freunde und Familie, um gutes Essen,&hellip; <a class=\"more-link\" href=\"https:\/\/baudot1926.com\/de\/taperia-es\/\"><span class=\"screen-reader-text\">La Taperia<\/span> weiterlesen<\/a><\/p>\n","protected":false},"author":1,"featured_media":0,"parent":0,"menu_order":0,"comment_status":"closed","ping_status":"closed","template":"","meta":{"inline_featured_image":false,"footnotes":""},"class_list":["post-64","page","type-page","status-publish","hentry","entry"],"_links":{"self":[{"href":"https:\/\/baudot1926.com\/de\/wp-json\/wp\/v2\/pages\/64","targetHints":{"allow":["GET"]}}],"collection":[{"href":"https:\/\/baudot1926.com\/de\/wp-json\/wp\/v2\/pages"}],"about":[{"href":"https:\/\/baudot1926.com\/de\/wp-json\/wp\/v2\/types\/page"}],"author":[{"embeddable":true,"href":"https:\/\/baudot1926.com\/de\/wp-json\/wp\/v2\/users\/1"}],"replies":[{"embeddable":true,"href":"https:\/\/baudot1926.com\/de\/wp-json\/wp\/v2\/comments?post=64"}],"version-history":[{"count":16,"href":"https:\/\/baudot1926.com\/de\/wp-json\/wp\/v2\/pages\/64\/revisions"}],"predecessor-version":[{"id":269,"href":"https:\/\/baudot1926.com\/de\/wp-json\/wp\/v2\/pages\/64\/revisions\/269"}],"wp:attachment":[{"href":"https:\/\/baudot1926.com\/de\/wp-json\/wp\/v2\/media?parent=64"}],"curies":[{"name":"wp","href":"https:\/\/api.w.org\/{rel}","templated":true}]}}